{"id":1087,"date":"2021-11-11T15:26:16","date_gmt":"2021-11-11T14:26:16","guid":{"rendered":"http:\/\/haft.etnomuzeum.pl\/?page_id=1087"},"modified":"2021-11-14T23:43:07","modified_gmt":"2021-11-14T22:43:07","slug":"literaturae","status":"publish","type":"page","link":"http:\/\/haft.etnomuzeum.pl\/?page_id=1087&lang=en","title":{"rendered":"literaturaE"},"content":{"rendered":"[vc_row type=&#8221;full_width_background&#8221; full_screen_row_position=&#8221;middle&#8221; column_margin=&#8221;default&#8221; column_direction=&#8221;default&#8221; column_direction_tablet=&#8221;default&#8221; column_direction_phone=&#8221;default&#8221; mouse_based_parallax_bg=&#8221;true&#8221; scene_position=&#8221;center&#8221; mouse_sensitivity=&#8221;25&#8243; layer_one_image=&#8221;265&#8243; layer_one_strength=&#8221;0.1&#8243; layer_two_image=&#8221;264&#8243; layer_two_strength=&#8221;0.5&#8243; bottom_padding=&#8221;900&#8243; text_color=&#8221;dark&#8221; text_align=&#8221;left&#8221; row_border_radius=&#8221;none&#8221; row_border_radius_applies=&#8221;bg&#8221; overlay_strength=&#8221;0.3&#8243; gradient_direction=&#8221;left_to_right&#8221; shape_divider_position=&#8221;bottom&#8221; bg_image_animation=&#8221;none&#8221; shape_type=&#8221;&#8221;][vc_column column_padding=&#8221;no-extra-padding&#8221; column_padding_tablet=&#8221;inherit&#8221; column_padding_phone=&#8221;inherit&#8221; column_padding_position=&#8221;all&#8221; column_element_spacing=&#8221;default&#8221; background_color_opacity=&#8221;1&#8243; background_hover_color_opacity=&#8221;1&#8243; column_shadow=&#8221;none&#8221; column_border_radius=&#8221;none&#8221; column_link_target=&#8221;_self&#8221; gradient_direction=&#8221;left_to_right&#8221; overlay_strength=&#8221;0.3&#8243; width=&#8221;1\/1&#8243; tablet_width_inherit=&#8221;default&#8221; tablet_text_alignment=&#8221;default&#8221; phone_text_alignment=&#8221;default&#8221; bg_image_animation=&#8221;none&#8221; border_type=&#8221;simple&#8221; column_border_width=&#8221;none&#8221; column_border_style=&#8221;solid&#8221;][\/vc_column][\/vc_row][vc_row type=&#8221;in_container&#8221; full_screen_row_position=&#8221;middle&#8221; column_margin=&#8221;default&#8221; column_direction=&#8221;default&#8221; column_direction_tablet=&#8221;default&#8221; column_direction_phone=&#8221;default&#8221; scene_position=&#8221;center&#8221; top_padding=&#8221;70&#8243; text_color=&#8221;dark&#8221; text_align=&#8221;left&#8221; row_border_radius=&#8221;none&#8221; row_border_radius_applies=&#8221;bg&#8221; overlay_strength=&#8221;0.3&#8243; gradient_direction=&#8221;left_to_right&#8221; shape_divider_position=&#8221;bottom&#8221; bg_image_animation=&#8221;none&#8221; shape_type=&#8221;&#8221;][vc_column column_padding=&#8221;no-extra-padding&#8221; column_padding_tablet=&#8221;inherit&#8221; column_padding_phone=&#8221;inherit&#8221; column_padding_position=&#8221;all&#8221; column_element_spacing=&#8221;default&#8221; background_color_opacity=&#8221;1&#8243; background_hover_color_opacity=&#8221;1&#8243; column_shadow=&#8221;none&#8221; column_border_radius=&#8221;none&#8221; column_link_target=&#8221;_self&#8221; gradient_direction=&#8221;left_to_right&#8221; overlay_strength=&#8221;0.3&#8243; width=&#8221;1\/1&#8243; tablet_width_inherit=&#8221;default&#8221; tablet_text_alignment=&#8221;default&#8221; phone_text_alignment=&#8221;default&#8221; bg_image_animation=&#8221;none&#8221; border_type=&#8221;simple&#8221; column_border_width=&#8221;none&#8221; column_border_style=&#8221;solid&#8221;][vc_column_text]\n<h3 class=\"p1\" style=\"text-align: center;\"><span class=\"s1\" style=\"color: #e71158;\">Literature<\/span><\/h3>\n[\/vc_column_text][\/vc_column][\/vc_row][vc_row type=&#8221;in_container&#8221; full_screen_row_position=&#8221;middle&#8221; column_margin=&#8221;default&#8221; column_direction=&#8221;default&#8221; column_direction_tablet=&#8221;default&#8221; column_direction_phone=&#8221;default&#8221; scene_position=&#8221;center&#8221; bottom_padding=&#8221;100&#8243; text_color=&#8221;dark&#8221; text_align=&#8221;left&#8221; row_border_radius=&#8221;none&#8221; row_border_radius_applies=&#8221;bg&#8221; overlay_strength=&#8221;0.3&#8243; gradient_direction=&#8221;left_to_right&#8221; shape_divider_position=&#8221;bottom&#8221; bg_image_animation=&#8221;none&#8221; shape_type=&#8221;&#8221;][vc_column column_padding=&#8221;no-extra-padding&#8221; column_padding_tablet=&#8221;inherit&#8221; column_padding_phone=&#8221;inherit&#8221; column_padding_position=&#8221;all&#8221; bottom_margin=&#8221;150&#8243; column_element_spacing=&#8221;default&#8221; background_color_opacity=&#8221;1&#8243; background_hover_color_opacity=&#8221;1&#8243; column_shadow=&#8221;none&#8221; column_border_radius=&#8221;none&#8221; column_link_target=&#8221;_self&#8221; gradient_direction=&#8221;left_to_right&#8221; overlay_strength=&#8221;0.3&#8243; width=&#8221;1\/1&#8243; tablet_width_inherit=&#8221;default&#8221; tablet_text_alignment=&#8221;default&#8221; phone_text_alignment=&#8221;default&#8221; bg_image_animation=&#8221;none&#8221; border_type=&#8221;simple&#8221; column_border_width=&#8221;none&#8221; column_border_style=&#8221;solid&#8221;][vc_column_text]\n<p class=\"p3\"><span class=\"s1\">B\u0142achowski Aleksander, <\/span><span class=\"s3\"><i>Str\u00f3j <\/i><\/span><span class=\"s1\">[w:] red. W. Szkulmowska, <\/span><span class=\"s3\"><i>Sztuka ludowa Kujaw. Przesz\u0142o\u015b\u0107 i tera\u017aniejszo\u015b\u0107<\/i><\/span><span class=\"s1\">, Bydgoszcz 1997, s. 73-108.<br \/>\n<\/span><span class=\"s1\"><i>Haft i zdobienie stroju ludowego<\/i><\/span><span class=\"s4\">, Warszawa 1955.<br \/>\n<\/span><span class=\"s1\">Kalinowska Dorota, <\/span><span class=\"s3\"><i>Kujawskie czepce zabytkowe<\/i><\/span><span class=\"s1\">, W\u0142oc\u0142awek 1996.<br \/>\n<\/span><span class=\"s4\">Kalinowska Dorota, <\/span><span class=\"s1\"><i>Niezwyk\u0142e r\u0119ce wierne tradycji. Zofia Bielecka, Regina Majchrzak, Irena Najdek<\/i><\/span><span class=\"s4\">, W\u0142oc\u0142awek 2013.<br \/>\n<\/span><span class=\"s1\">Kalinowska Dorota, <\/span><span class=\"s3\"><i>Szyde\u0142kiem i ig\u0142\u0105 wyczarowane<\/i><\/span><span class=\"s1\">, W\u0142oc\u0142awek 2001.<br \/>\n<\/span><span class=\"s1\">Kalinowska Dorota, Paw\u0142owska Krystyna, <\/span><span class=\"s3\"><i>Hafty i koronki <\/i><\/span><span class=\"s1\">[w:]<\/span><i> <\/i><span class=\"s1\">red. W. Szkulmowska, <\/span><span class=\"s3\"><i>Sztuka ludowa Kujaw. Przesz\u0142o\u015b\u0107 i tera\u017aniejszo\u015b\u0107<\/i><\/span><span class=\"s1\">, Bydgoszcz 1997, s. 109-130.<br \/>\n<\/span><span class=\"s1\">Kolberg Oskar, <\/span><span class=\"s3\"><i>Kujawy<\/i><\/span><span class=\"s1\">, cz. 1, Warszawa 1962.<br \/>\n<\/span><span class=\"s1\">Kurdziel Stanis\u0142awa, <\/span><span class=\"s3\"><i>Hafciarstwo<\/i><\/span><span class=\"s1\">, Warszawa 1987.<br \/>\n<\/span><span class=\"s1\">Lenart-Malinowska Irena, <\/span><span class=\"s3\"><i>Wybrane hafty ludowe<\/i><\/span><span class=\"s1\">, Warszawa 1993.<br \/>\n<\/span><span class=\"s4\">Micha\u0142owska Marta, <\/span><span class=\"s1\"><i>S\u0142ownik terminologiczny w\u0142\u00f3kiennictwa,<\/i><\/span><span class=\"s4\"> Warszawa 1995.<br \/>\n<\/span><span class=\"s1\">Miku\u0142owska Halina, <\/span><span class=\"s3\"><i>Str\u00f3j kujawski<\/i><\/span><span class=\"s1\">, \u201eAtlas Polskich Stroj\u00f3w Ludowych\u201d, Pozna\u0144 1953.<br \/>\n<\/span><span class=\"s1\">Miku\u0142owska Halina, <\/span><span class=\"s3\"><i>Str\u00f3j ludowy<\/i><\/span><span class=\"s1\">, Toru\u0144 1971.<br \/>\n<\/span><span class=\"s1\">Miku\u0142owska Halina, <\/span><span class=\"s3\"><i>Haft kujawski.<\/i><\/span> <span class=\"s3\"><i>Wzory i instrukcje<\/i><\/span><span class=\"s1\">, Teka nr 1, Inowroc\u0142aw 1979.<br \/>\n<\/span><span class=\"s1\">Miku\u0142owska Halina, <\/span><span class=\"s3\"><i>Haft kujawski<\/i><\/span><span class=\"s1\">. <\/span><span class=\"s3\"><i>Wzory i instrukcje<\/i><\/span><span class=\"s1\">, Teka nr 2, Inowroc\u0142aw 1980.<br \/>\n<\/span><span class=\"s1\">Patyk Maria, <\/span><span class=\"s3\"><i>Haft kujawski<\/i><\/span><span class=\"s1\">. <\/span><span class=\"s3\"><i>Wzory i instrukcje, <\/i><\/span><span class=\"s1\">Teka nr 3, Inowroc\u0142aw 1984.<br \/>\n<\/span><span class=\"s1\">Patyk Maria, <\/span><span class=\"s3\"><i>Haft kujawski<\/i><\/span><span class=\"s1\">. <\/span><span class=\"s3\"><i>Wzory i instrukcje,<\/i><\/span><span class=\"s1\"> Teka nr 4, Inowroc\u0142aw 1988.<br \/>\n<\/span><span class=\"s1\">Szkulmowska Wanda, <\/span><span class=\"s3\"><i>Ziemia rodzinna to Kujawy<\/i><\/span><span class=\"s1\">, cz. 1-2, Bydgoszcz 2006.<\/span><\/p>\n<p class=\"p5\"><span class=\"s2\">Wzorniki zebrane i odrysowane przez Ludwik\u0119 Ciesielsk\u0105-B\u0142a\u017cejewsk\u0105, Archiwum Etnograficzne<span class=\"Apple-converted-space\">\u00a0 <\/span>Muzeum Ziemi Kujawskiej i Dobrzy\u0144skiej we W\u0142oc\u0142awku:<br \/>\n<\/span><span class=\"s1\">Wzornik A \u2013 \u201eKujawy. Zdobnictwo ludowe. Krezy\/ko\u0142nierzyki\u201d, 1929-1939, nr<span class=\"Apple-converted-space\">\u00a0 <\/span>1197\/W-Nr 229<br \/>\n<\/span><span class=\"s2\">Wzornik B \u2013 \u201eKujawy\/WLKP. Fartuchy \u2013 Sp\u00f3dniki \u2013 Koszule \u2013 Czepki\u201d, nr 1198\/WH-Nr 230-1222\/WH-Nr 254<br \/>\n<\/span><span class=\"s1\">Wzornik C \u2013 \u201eKujawy. Zdobnictwo ludowe czepk\u00f3w kujawskich\u201d, nr 1244\/WH-Nr 276<\/span><\/p>\n[\/vc_column_text][\/vc_column][\/vc_row]\n","protected":false},"excerpt":{"rendered":"<p>[vc_row type=&#8221;full_width_background&#8221; full_screen_row_position=&#8221;middle&#8221; column_margin=&#8221;default&#8221; column_direction=&#8221;default&#8221; column_direction_tablet=&#8221;default&#8221; column_direction_phone=&#8221;default&#8221; mouse_based_parallax_bg=&#8221;true&#8221; scene_position=&#8221;center&#8221; mouse_sensitivity=&#8221;25&#8243; layer_one_image=&#8221;265&#8243; layer_one_strength=&#8221;0.1&#8243; layer_two_image=&#8221;264&#8243; layer_two_strength=&#8221;0.5&#8243; bottom_padding=&#8221;900&#8243; text_color=&#8221;dark&#8221; text_align=&#8221;left&#8221; row_border_radius=&#8221;none&#8221; row_border_radius_applies=&#8221;bg&#8221; overlay_strength=&#8221;0.3&#8243; gradient_direction=&#8221;left_to_right&#8221; shape_divider_position=&#8221;bottom&#8221; bg_image_animation=&#8221;none&#8221; shape_type=&#8221;&#8221;][vc_column column_padding=&#8221;no-extra-padding&#8221; column_padding_tablet=&#8221;inherit&#8221; column_padding_phone=&#8221;inherit&#8221; column_padding_position=&#8221;all&#8221; column_element_spacing=&#8221;default&#8221; background_color_opacity=&#8221;1&#8243;&#8230;<\/p>\n","protected":false},"author":1,"featured_media":0,"parent":0,"menu_order":0,"comment_status":"closed","ping_status":"closed","template":"","meta":{"footnotes":""},"class_list":["post-1087","page","type-page","status-publish"],"yoast_head":"<!-- This site is optimized with the Yoast SEO plugin v17.1 - https:\/\/yoast.com\/wordpress\/plugins\/seo\/ -->\n<title>literaturaE - Muzeum Etnograficzne im. Marii Znamierowskiej-Prufferowej w Toruniu.<\/title>\n<meta name=\"robots\" content=\"index, follow, max-snippet:-1, max-image-preview:large, max-video-preview:-1\" \/>\n<link rel=\"canonical\" href=\"http:\/\/haft.etnomuzeum.pl\/?page_id=1087&#038;lang=en\" \/>\n<meta property=\"og:locale\" content=\"en_US\" \/>\n<meta property=\"og:type\" content=\"article\" \/>\n<meta property=\"og:title\" content=\"literaturaE - Muzeum Etnograficzne im. Marii Znamierowskiej-Prufferowej w Toruniu.\" \/>\n<meta property=\"og:description\" content=\"[vc_row type=&#8221;full_width_background&#8221; full_screen_row_position=&#8221;middle&#8221; column_margin=&#8221;default&#8221; column_direction=&#8221;default&#8221; column_direction_tablet=&#8221;default&#8221; column_direction_phone=&#8221;default&#8221; mouse_based_parallax_bg=&#8221;true&#8221; scene_position=&#8221;center&#8221; mouse_sensitivity=&#8221;25&#8243; layer_one_image=&#8221;265&#8243; layer_one_strength=&#8221;0.1&#8243; layer_two_image=&#8221;264&#8243; layer_two_strength=&#8221;0.5&#8243; bottom_padding=&#8221;900&#8243; text_color=&#8221;dark&#8221; text_align=&#8221;left&#8221; row_border_radius=&#8221;none&#8221; row_border_radius_applies=&#8221;bg&#8221; overlay_strength=&#8221;0.3&#8243; gradient_direction=&#8221;left_to_right&#8221; shape_divider_position=&#8221;bottom&#8221; bg_image_animation=&#8221;none&#8221; shape_type=&#8221;&#8221;][vc_column column_padding=&#8221;no-extra-padding&#8221; column_padding_tablet=&#8221;inherit&#8221; column_padding_phone=&#8221;inherit&#8221; column_padding_position=&#8221;all&#8221; column_element_spacing=&#8221;default&#8221; background_color_opacity=&#8221;1&#8243;...\" \/>\n<meta property=\"og:url\" content=\"http:\/\/haft.etnomuzeum.pl\/?page_id=1087&amp;lang=en\" \/>\n<meta property=\"og:site_name\" content=\"Muzeum Etnograficzne im. Marii Znamierowskiej-Prufferowej w Toruniu.\" \/>\n<meta property=\"article:modified_time\" content=\"2021-11-14T22:43:07+00:00\" \/>\n<meta name=\"twitter:card\" content=\"summary_large_image\" \/>\n<meta name=\"twitter:label1\" content=\"Est. reading time\" \/>\n\t<meta name=\"twitter:data1\" content=\"3 minutes\" \/>\n<script type=\"application\/ld+json\" class=\"yoast-schema-graph\">{\"@context\":\"https:\/\/schema.org\",\"@graph\":[{\"@type\":\"WebSite\",\"@id\":\"http:\/\/haft.etnomuzeum.pl\/#website\",\"url\":\"http:\/\/haft.etnomuzeum.pl\/\",\"name\":\"Muzeum Etnograficzne im. Marii Znamierowskiej-Prufferowej w Toruniu.\",\"description\":\"Dziedzictwo Niematerialne\/ Ulotne tradycje\",\"potentialAction\":[{\"@type\":\"SearchAction\",\"target\":{\"@type\":\"EntryPoint\",\"urlTemplate\":\"http:\/\/haft.etnomuzeum.pl\/?s={search_term_string}\"},\"query-input\":\"required name=search_term_string\"}],\"inLanguage\":\"en-US\"},{\"@type\":\"WebPage\",\"@id\":\"http:\/\/haft.etnomuzeum.pl\/?page_id=1087&lang=en#webpage\",\"url\":\"http:\/\/haft.etnomuzeum.pl\/?page_id=1087&lang=en\",\"name\":\"literaturaE - Muzeum Etnograficzne im. Marii Znamierowskiej-Prufferowej w Toruniu.\",\"isPartOf\":{\"@id\":\"http:\/\/haft.etnomuzeum.pl\/#website\"},\"datePublished\":\"2021-11-11T14:26:16+00:00\",\"dateModified\":\"2021-11-14T22:43:07+00:00\",\"breadcrumb\":{\"@id\":\"http:\/\/haft.etnomuzeum.pl\/?page_id=1087&lang=en#breadcrumb\"},\"inLanguage\":\"en-US\",\"potentialAction\":[{\"@type\":\"ReadAction\",\"target\":[\"http:\/\/haft.etnomuzeum.pl\/?page_id=1087&lang=en\"]}]},{\"@type\":\"BreadcrumbList\",\"@id\":\"http:\/\/haft.etnomuzeum.pl\/?page_id=1087&lang=en#breadcrumb\",\"itemListElement\":[{\"@type\":\"ListItem\",\"position\":1,\"name\":\"Home\",\"item\":\"http:\/\/haft.etnomuzeum.pl\/\"},{\"@type\":\"ListItem\",\"position\":2,\"name\":\"literaturaE\"}]}]}<\/script>\n<!-- \/ Yoast SEO plugin. -->","yoast_head_json":{"title":"literaturaE - Muzeum Etnograficzne im. Marii Znamierowskiej-Prufferowej w Toruniu.","robots":{"index":"index","follow":"follow","max-snippet":"max-snippet:-1","max-image-preview":"max-image-preview:large","max-video-preview":"max-video-preview:-1"},"canonical":"http:\/\/haft.etnomuzeum.pl\/?page_id=1087&lang=en","og_locale":"en_US","og_type":"article","og_title":"literaturaE - Muzeum Etnograficzne im. Marii Znamierowskiej-Prufferowej w Toruniu.","og_description":"[vc_row type=&#8221;full_width_background&#8221; full_screen_row_position=&#8221;middle&#8221; column_margin=&#8221;default&#8221; column_direction=&#8221;default&#8221; column_direction_tablet=&#8221;default&#8221; column_direction_phone=&#8221;default&#8221; mouse_based_parallax_bg=&#8221;true&#8221; scene_position=&#8221;center&#8221; mouse_sensitivity=&#8221;25&#8243; layer_one_image=&#8221;265&#8243; layer_one_strength=&#8221;0.1&#8243; layer_two_image=&#8221;264&#8243; layer_two_strength=&#8221;0.5&#8243; bottom_padding=&#8221;900&#8243; text_color=&#8221;dark&#8221; text_align=&#8221;left&#8221; row_border_radius=&#8221;none&#8221; row_border_radius_applies=&#8221;bg&#8221; overlay_strength=&#8221;0.3&#8243; gradient_direction=&#8221;left_to_right&#8221; shape_divider_position=&#8221;bottom&#8221; bg_image_animation=&#8221;none&#8221; shape_type=&#8221;&#8221;][vc_column column_padding=&#8221;no-extra-padding&#8221; column_padding_tablet=&#8221;inherit&#8221; column_padding_phone=&#8221;inherit&#8221; column_padding_position=&#8221;all&#8221; column_element_spacing=&#8221;default&#8221; background_color_opacity=&#8221;1&#8243;...","og_url":"http:\/\/haft.etnomuzeum.pl\/?page_id=1087&lang=en","og_site_name":"Muzeum Etnograficzne im. Marii Znamierowskiej-Prufferowej w Toruniu.","article_modified_time":"2021-11-14T22:43:07+00:00","twitter_card":"summary_large_image","twitter_misc":{"Est. reading time":"3 minutes"},"schema":{"@context":"https:\/\/schema.org","@graph":[{"@type":"WebSite","@id":"http:\/\/haft.etnomuzeum.pl\/#website","url":"http:\/\/haft.etnomuzeum.pl\/","name":"Muzeum Etnograficzne im. Marii Znamierowskiej-Prufferowej w Toruniu.","description":"Dziedzictwo Niematerialne\/ Ulotne tradycje","potentialAction":[{"@type":"SearchAction","target":{"@type":"EntryPoint","urlTemplate":"http:\/\/haft.etnomuzeum.pl\/?s={search_term_string}"},"query-input":"required name=search_term_string"}],"inLanguage":"en-US"},{"@type":"WebPage","@id":"http:\/\/haft.etnomuzeum.pl\/?page_id=1087&lang=en#webpage","url":"http:\/\/haft.etnomuzeum.pl\/?page_id=1087&lang=en","name":"literaturaE - Muzeum Etnograficzne im. Marii Znamierowskiej-Prufferowej w Toruniu.","isPartOf":{"@id":"http:\/\/haft.etnomuzeum.pl\/#website"},"datePublished":"2021-11-11T14:26:16+00:00","dateModified":"2021-11-14T22:43:07+00:00","breadcrumb":{"@id":"http:\/\/haft.etnomuzeum.pl\/?page_id=1087&lang=en#breadcrumb"},"inLanguage":"en-US","potentialAction":[{"@type":"ReadAction","target":["http:\/\/haft.etnomuzeum.pl\/?page_id=1087&lang=en"]}]},{"@type":"BreadcrumbList","@id":"http:\/\/haft.etnomuzeum.pl\/?page_id=1087&lang=en#breadcrumb","itemListElement":[{"@type":"ListItem","position":1,"name":"Home","item":"http:\/\/haft.etnomuzeum.pl\/"},{"@type":"ListItem","position":2,"name":"literaturaE"}]}]}},"_links":{"self":[{"href":"http:\/\/haft.etnomuzeum.pl\/index.php?rest_route=\/wp\/v2\/pages\/1087","targetHints":{"allow":["GET"]}}],"collection":[{"href":"http:\/\/haft.etnomuzeum.pl\/index.php?rest_route=\/wp\/v2\/pages"}],"about":[{"href":"http:\/\/haft.etnomuzeum.pl\/index.php?rest_route=\/wp\/v2\/types\/page"}],"author":[{"embeddable":true,"href":"http:\/\/haft.etnomuzeum.pl\/index.php?rest_route=\/wp\/v2\/users\/1"}],"replies":[{"embeddable":true,"href":"http:\/\/haft.etnomuzeum.pl\/index.php?rest_route=%2Fwp%2Fv2%2Fcomments&post=1087"}],"version-history":[{"count":2,"href":"http:\/\/haft.etnomuzeum.pl\/index.php?rest_route=\/wp\/v2\/pages\/1087\/revisions"}],"predecessor-version":[{"id":1317,"href":"http:\/\/haft.etnomuzeum.pl\/index.php?rest_route=\/wp\/v2\/pages\/1087\/revisions\/1317"}],"wp:attachment":[{"href":"http:\/\/haft.etnomuzeum.pl\/index.php?rest_route=%2Fwp%2Fv2%2Fmedia&parent=1087"}],"curies":[{"name":"wp","href":"https:\/\/api.w.org\/{rel}","templated":true}]}}