{"id":1073,"date":"2021-11-11T15:21:57","date_gmt":"2021-11-11T14:21:57","guid":{"rendered":"http:\/\/haft.etnomuzeum.pl\/?page_id=1073"},"modified":"2021-11-16T13:28:13","modified_gmt":"2021-11-16T12:28:13","slug":"haftkujawskie","status":"publish","type":"page","link":"http:\/\/haft.etnomuzeum.pl\/?page_id=1073&lang=en","title":{"rendered":"haftkujawskiE"},"content":{"rendered":"[vc_row type=&#8221;full_width_content&#8221; full_screen_row_position=&#8221;middle&#8221; column_margin=&#8221;default&#8221; column_direction=&#8221;default&#8221; column_direction_tablet=&#8221;default&#8221; column_direction_phone=&#8221;default&#8221; bg_image=&#8221;553&#8243; bg_position=&#8221;left top&#8221; background_image_loading=&#8221;default&#8221; bg_repeat=&#8221;no-repeat&#8221; scene_position=&#8221;center&#8221; top_padding=&#8221;50&#8243; text_color=&#8221;dark&#8221; text_align=&#8221;left&#8221; row_border_radius=&#8221;none&#8221; row_border_radius_applies=&#8221;bg&#8221; overlay_strength=&#8221;0.3&#8243; gradient_direction=&#8221;left_to_right&#8221; shape_divider_position=&#8221;bottom&#8221; bg_image_animation=&#8221;none&#8221; shape_type=&#8221;&#8221;][vc_column column_padding=&#8221;no-extra-padding&#8221; column_padding_tablet=&#8221;inherit&#8221; column_padding_phone=&#8221;inherit&#8221; column_padding_position=&#8221;all&#8221; column_element_spacing=&#8221;default&#8221; background_color_opacity=&#8221;1&#8243; background_hover_color_opacity=&#8221;1&#8243; column_shadow=&#8221;none&#8221; column_border_radius=&#8221;none&#8221; column_link_target=&#8221;_self&#8221; gradient_direction=&#8221;left_to_right&#8221; overlay_strength=&#8221;0.3&#8243; width=&#8221;1\/1&#8243; tablet_width_inherit=&#8221;default&#8221; tablet_text_alignment=&#8221;default&#8221; phone_text_alignment=&#8221;default&#8221; bg_image_animation=&#8221;none&#8221; border_type=&#8221;simple&#8221; column_border_width=&#8221;none&#8221; column_border_style=&#8221;solid&#8221;][image_with_animation image_url=&#8221;1121&#8243; animation=&#8221;Fade In&#8221; hover_animation=&#8221;none&#8221; alignment=&#8221;center&#8221; border_radius=&#8221;none&#8221; box_shadow=&#8221;none&#8221; image_loading=&#8221;default&#8221; max_width=&#8221;custom&#8221; max_width_custom=&#8221;1425&#8243;][\/vc_column][\/vc_row][vc_row type=&#8221;in_container&#8221; full_screen_row_position=&#8221;middle&#8221; column_margin=&#8221;default&#8221; column_direction=&#8221;default&#8221; column_direction_tablet=&#8221;default&#8221; column_direction_phone=&#8221;default&#8221; scene_position=&#8221;center&#8221; top_padding=&#8221;90&#8243; text_color=&#8221;dark&#8221; text_align=&#8221;left&#8221; row_border_radius=&#8221;none&#8221; row_border_radius_applies=&#8221;bg&#8221; overlay_strength=&#8221;0.3&#8243; gradient_direction=&#8221;left_to_right&#8221; shape_divider_position=&#8221;bottom&#8221; bg_image_animation=&#8221;none&#8221; shape_type=&#8221;&#8221;][vc_column column_padding=&#8221;no-extra-padding&#8221; column_padding_tablet=&#8221;inherit&#8221; column_padding_phone=&#8221;inherit&#8221; column_padding_position=&#8221;all&#8221; column_element_spacing=&#8221;default&#8221; background_color_opacity=&#8221;1&#8243; background_hover_color_opacity=&#8221;1&#8243; column_shadow=&#8221;none&#8221; column_border_radius=&#8221;none&#8221; column_link_target=&#8221;_self&#8221; gradient_direction=&#8221;left_to_right&#8221; overlay_strength=&#8221;0.3&#8243; width=&#8221;1\/1&#8243; tablet_width_inherit=&#8221;default&#8221; tablet_text_alignment=&#8221;default&#8221; phone_text_alignment=&#8221;default&#8221; bg_image_animation=&#8221;none&#8221; border_type=&#8221;simple&#8221; column_border_width=&#8221;none&#8221; column_border_style=&#8221;solid&#8221;][vc_column_text]\n<h3 class=\"p1\" style=\"text-align: center;\"><span style=\"color: #e71158;\">Kuyavian embroidery<\/span><\/h3>\n[\/vc_column_text][\/vc_column][\/vc_row][vc_row type=&#8221;full_width_background&#8221; full_screen_row_position=&#8221;middle&#8221; column_margin=&#8221;default&#8221; column_direction=&#8221;default&#8221; column_direction_tablet=&#8221;default&#8221; column_direction_phone=&#8221;default&#8221; scene_position=&#8221;center&#8221; bottom_padding=&#8221;50&#8243; text_color=&#8221;dark&#8221; text_align=&#8221;left&#8221; row_border_radius=&#8221;none&#8221; row_border_radius_applies=&#8221;bg&#8221; overlay_strength=&#8221;0.3&#8243; gradient_direction=&#8221;left_to_right&#8221; shape_divider_position=&#8221;bottom&#8221; bg_image_animation=&#8221;none&#8221; parallax_bg=&#8221;true&#8221; parallax_bg_speed=&#8221;fixed&#8221; shape_type=&#8221;&#8221;][vc_column column_padding=&#8221;no-extra-padding&#8221; column_padding_tablet=&#8221;inherit&#8221; column_padding_phone=&#8221;inherit&#8221; column_padding_position=&#8221;all&#8221; column_element_spacing=&#8221;default&#8221; background_color_opacity=&#8221;1&#8243; background_hover_color_opacity=&#8221;1&#8243; column_shadow=&#8221;none&#8221; column_border_radius=&#8221;none&#8221; column_link_target=&#8221;_self&#8221; gradient_direction=&#8221;left_to_right&#8221; overlay_strength=&#8221;0.3&#8243; width=&#8221;1\/1&#8243; tablet_width_inherit=&#8221;default&#8221; tablet_text_alignment=&#8221;default&#8221; phone_text_alignment=&#8221;default&#8221; bg_image_animation=&#8221;none&#8221; border_type=&#8221;simple&#8221; column_border_width=&#8221;none&#8221; column_border_style=&#8221;solid&#8221;][vc_column_text]\n<p class=\"p1\"><span class=\"s1\">As in other ethnographic areas, embroidery in the Kuyavian region was originally used as a decoration of the traditional costume. Embroidery covered parts of woman\u2019s outfit such as bonnets, ruffs, collars, aprons as well as white and red petticoats. Elements of man\u2019s outfit have never been covered with embroidery. The Kuyavian costume developed most intensely during the period between 1850 and 1870. The costume was commonly worn till 1914 and after 1918 it started to fade.<\/span><\/p>\n[\/vc_column_text][divider line_type=&#8221;No Line&#8221; custom_height=&#8221;40&#8243;][image_with_animation image_url=&#8221;1123&#8243; animation=&#8221;Fade In&#8221; hover_animation=&#8221;none&#8221; alignment=&#8221;center&#8221; img_link_large=&#8221;yes&#8221; border_radius=&#8221;none&#8221; box_shadow=&#8221;none&#8221; image_loading=&#8221;default&#8221; max_width=&#8221;custom&#8221; max_width_custom=&#8221;1780&#8243;][divider line_type=&#8221;No Line&#8221; custom_height=&#8221;40&#8243;][vc_column_text]\n<p class=\"p1\"><span class=\"s1\">Today, the Kuyavian costume is only worn during various holidays (e.g. Corpus Christi) and it is also worn by folklore bands and by folk artists. In the 1950s, Kuyavian embroidery was transferred onto new functional forms such as tablecloth, table runners and table napkins doilies made for various clients. Kuyavian embroidery is regarded as an independent branch of folk art and the ability to perform embroidery is an important part of intangible Kuyavian cultural heritage. <\/span><\/p>\n[\/vc_column_text][divider line_type=&#8221;No Line&#8221; custom_height=&#8221;40&#8243;][vc_gallery type=&#8221;nectarslider_style&#8221; images=&#8221;1125,1126&#8243; image_loading=&#8221;default&#8221; disable_auto_rotate=&#8221;true&#8221; bullet_navigation_style=&#8221;see_through&#8221; onclick=&#8221;link_image&#8221; img_size=&#8221;800&#215;1000&#8243;][divider line_type=&#8221;No Line&#8221; custom_height=&#8221;40&#8243;][vc_column_text]\n<p class=\"p1\"><span class=\"s1\">Nowadays, a large group of Kuyavian women can make embroidery. It is important that they transfer those skills to their family members and to the public during embroidery courses organised after 1945. Kuyavian embroidery is also spread through the publishing of stitch patterns as well as contests and exhibitions organised in the area of both East and West Kuyavia.<\/span><\/p>\n<p class=\"p1\"><span class=\"s2\">The oldest objects associated with Kuyavian embroidery include mainly bonnets. Such bonnets make part of the collections of the Maria Znamierowska-Pr\u00fcfferowa Ethnographic Museum in Toru\u0144 and the Kuyavia and Dobrzy\u0144 Land Museum in W\u0142oc\u0142awek.<\/span><\/p>\n[\/vc_column_text][\/vc_column][\/vc_row][vc_row type=&#8221;in_container&#8221; full_screen_row_position=&#8221;middle&#8221; column_margin=&#8221;default&#8221; column_direction=&#8221;default&#8221; column_direction_tablet=&#8221;default&#8221; column_direction_phone=&#8221;default&#8221; scene_position=&#8221;center&#8221; top_padding=&#8221;80&#8243; bottom_padding=&#8221;200&#8243; text_color=&#8221;dark&#8221; text_align=&#8221;left&#8221; row_border_radius=&#8221;none&#8221; row_border_radius_applies=&#8221;bg&#8221; overlay_strength=&#8221;0.3&#8243; gradient_direction=&#8221;left_to_right&#8221; shape_divider_position=&#8221;bottom&#8221; bg_image_animation=&#8221;none&#8221; shape_type=&#8221;&#8221;][vc_column column_padding=&#8221;no-extra-padding&#8221; column_padding_tablet=&#8221;inherit&#8221; column_padding_phone=&#8221;inherit&#8221; column_padding_position=&#8221;all&#8221; column_element_spacing=&#8221;default&#8221; background_color_opacity=&#8221;1&#8243; background_hover_color_opacity=&#8221;1&#8243; column_shadow=&#8221;none&#8221; column_border_radius=&#8221;none&#8221; column_link_target=&#8221;_self&#8221; gradient_direction=&#8221;left_to_right&#8221; overlay_strength=&#8221;0.3&#8243; width=&#8221;1\/3&#8243; tablet_width_inherit=&#8221;default&#8221; tablet_text_alignment=&#8221;default&#8221; phone_text_alignment=&#8221;default&#8221; bg_image_animation=&#8221;none&#8221; border_type=&#8221;simple&#8221; column_border_width=&#8221;none&#8221; column_border_style=&#8221;solid&#8221;][\/vc_column][vc_column column_padding=&#8221;no-extra-padding&#8221; column_padding_tablet=&#8221;inherit&#8221; column_padding_phone=&#8221;inherit&#8221; column_padding_position=&#8221;all&#8221; column_element_spacing=&#8221;default&#8221; background_color_opacity=&#8221;1&#8243; background_hover_color_opacity=&#8221;1&#8243; column_shadow=&#8221;none&#8221; column_border_radius=&#8221;none&#8221; column_link_target=&#8221;_self&#8221; gradient_direction=&#8221;left_to_right&#8221; overlay_strength=&#8221;0.3&#8243; width=&#8221;1\/3&#8243; tablet_width_inherit=&#8221;default&#8221; tablet_text_alignment=&#8221;default&#8221; phone_text_alignment=&#8221;default&#8221; bg_image_animation=&#8221;none&#8221; border_type=&#8221;simple&#8221; column_border_width=&#8221;none&#8221; column_border_style=&#8221;solid&#8221;][nectar_video_lightbox link_style=&#8221;play_button_2&#8243; nectar_play_button_color=&#8221;Default-Accent-Color&#8221; hover_effect=&#8221;defaut&#8221; box_shadow=&#8221;none&#8221; border_radius=&#8221;none&#8221; play_button_size=&#8221;default&#8221; video_url=&#8221;https:\/\/www.youtube.com\/watch?v=jsApdx7-tzo&#8221;][divider line_type=&#8221;No Line&#8221; custom_height=&#8221;60&#8243;][vc_column_text]\n<p style=\"text-align: center;\">Film (fragment) <i>Kuyavia <\/i>from the series \u201ePolish Dances \u2013 Retracing the Footsteps of Oskar Kolberg\u201d, Volume 15, Rural Culture Foundation, Education Television<\/p>\n[\/vc_column_text][\/vc_column][vc_column column_padding=&#8221;no-extra-padding&#8221; column_padding_tablet=&#8221;inherit&#8221; column_padding_phone=&#8221;inherit&#8221; column_padding_position=&#8221;all&#8221; column_element_spacing=&#8221;default&#8221; background_color_opacity=&#8221;1&#8243; background_hover_color_opacity=&#8221;1&#8243; column_shadow=&#8221;none&#8221; column_border_radius=&#8221;none&#8221; column_link_target=&#8221;_self&#8221; gradient_direction=&#8221;left_to_right&#8221; overlay_strength=&#8221;0.3&#8243; width=&#8221;1\/3&#8243; tablet_width_inherit=&#8221;default&#8221; tablet_text_alignment=&#8221;default&#8221; phone_text_alignment=&#8221;default&#8221; bg_image_animation=&#8221;none&#8221; border_type=&#8221;simple&#8221; column_border_width=&#8221;none&#8221; column_border_style=&#8221;solid&#8221;][\/vc_column][\/vc_row]\n","protected":false},"excerpt":{"rendered":"<p>[vc_row type=&#8221;full_width_content&#8221; full_screen_row_position=&#8221;middle&#8221; column_margin=&#8221;default&#8221; column_direction=&#8221;default&#8221; column_direction_tablet=&#8221;default&#8221; column_direction_phone=&#8221;default&#8221; bg_image=&#8221;553&#8243; bg_position=&#8221;left top&#8221; background_image_loading=&#8221;default&#8221; bg_repeat=&#8221;no-repeat&#8221; scene_position=&#8221;center&#8221; top_padding=&#8221;50&#8243; text_color=&#8221;dark&#8221; text_align=&#8221;left&#8221; row_border_radius=&#8221;none&#8221; row_border_radius_applies=&#8221;bg&#8221; overlay_strength=&#8221;0.3&#8243; gradient_direction=&#8221;left_to_right&#8221; shape_divider_position=&#8221;bottom&#8221; bg_image_animation=&#8221;none&#8221; shape_type=&#8221;&#8221;][vc_column column_padding=&#8221;no-extra-padding&#8221; column_padding_tablet=&#8221;inherit&#8221; column_padding_phone=&#8221;inherit&#8221; column_padding_position=&#8221;all&#8221; column_element_spacing=&#8221;default&#8221; background_color_opacity=&#8221;1&#8243; background_hover_color_opacity=&#8221;1&#8243;&#8230;<\/p>\n","protected":false},"author":1,"featured_media":0,"parent":0,"menu_order":0,"comment_status":"closed","ping_status":"closed","template":"","meta":{"footnotes":""},"class_list":["post-1073","page","type-page","status-publish"],"yoast_head":"<!-- This site is optimized with the Yoast SEO plugin v17.1 - https:\/\/yoast.com\/wordpress\/plugins\/seo\/ -->\n<title>haftkujawskiE - Muzeum Etnograficzne im. Marii Znamierowskiej-Prufferowej w Toruniu.<\/title>\n<meta name=\"robots\" content=\"index, follow, max-snippet:-1, max-image-preview:large, max-video-preview:-1\" \/>\n<link rel=\"canonical\" href=\"http:\/\/haft.etnomuzeum.pl\/?page_id=1073&#038;lang=en\" \/>\n<meta property=\"og:locale\" content=\"en_US\" \/>\n<meta property=\"og:type\" content=\"article\" \/>\n<meta property=\"og:title\" content=\"haftkujawskiE - Muzeum Etnograficzne im. Marii Znamierowskiej-Prufferowej w Toruniu.\" \/>\n<meta property=\"og:description\" content=\"[vc_row type=&#8221;full_width_content&#8221; full_screen_row_position=&#8221;middle&#8221; column_margin=&#8221;default&#8221; column_direction=&#8221;default&#8221; column_direction_tablet=&#8221;default&#8221; column_direction_phone=&#8221;default&#8221; bg_image=&#8221;553&#8243; bg_position=&#8221;left top&#8221; background_image_loading=&#8221;default&#8221; bg_repeat=&#8221;no-repeat&#8221; scene_position=&#8221;center&#8221; top_padding=&#8221;50&#8243; text_color=&#8221;dark&#8221; text_align=&#8221;left&#8221; row_border_radius=&#8221;none&#8221; row_border_radius_applies=&#8221;bg&#8221; overlay_strength=&#8221;0.3&#8243; gradient_direction=&#8221;left_to_right&#8221; shape_divider_position=&#8221;bottom&#8221; bg_image_animation=&#8221;none&#8221; shape_type=&#8221;&#8221;][vc_column column_padding=&#8221;no-extra-padding&#8221; column_padding_tablet=&#8221;inherit&#8221; column_padding_phone=&#8221;inherit&#8221; column_padding_position=&#8221;all&#8221; column_element_spacing=&#8221;default&#8221; background_color_opacity=&#8221;1&#8243; background_hover_color_opacity=&#8221;1&#8243;...\" \/>\n<meta property=\"og:url\" content=\"http:\/\/haft.etnomuzeum.pl\/?page_id=1073&amp;lang=en\" \/>\n<meta property=\"og:site_name\" content=\"Muzeum Etnograficzne im. Marii Znamierowskiej-Prufferowej w Toruniu.\" \/>\n<meta property=\"article:modified_time\" content=\"2021-11-16T12:28:13+00:00\" \/>\n<meta name=\"twitter:card\" content=\"summary_large_image\" \/>\n<meta name=\"twitter:label1\" content=\"Est. reading time\" \/>\n\t<meta name=\"twitter:data1\" content=\"4 minutes\" \/>\n<script type=\"application\/ld+json\" class=\"yoast-schema-graph\">{\"@context\":\"https:\/\/schema.org\",\"@graph\":[{\"@type\":\"WebSite\",\"@id\":\"http:\/\/haft.etnomuzeum.pl\/#website\",\"url\":\"http:\/\/haft.etnomuzeum.pl\/\",\"name\":\"Muzeum Etnograficzne im. Marii Znamierowskiej-Prufferowej w Toruniu.\",\"description\":\"Dziedzictwo Niematerialne\/ Ulotne tradycje\",\"potentialAction\":[{\"@type\":\"SearchAction\",\"target\":{\"@type\":\"EntryPoint\",\"urlTemplate\":\"http:\/\/haft.etnomuzeum.pl\/?s={search_term_string}\"},\"query-input\":\"required name=search_term_string\"}],\"inLanguage\":\"en-US\"},{\"@type\":\"WebPage\",\"@id\":\"http:\/\/haft.etnomuzeum.pl\/?page_id=1073&lang=en#webpage\",\"url\":\"http:\/\/haft.etnomuzeum.pl\/?page_id=1073&lang=en\",\"name\":\"haftkujawskiE - Muzeum Etnograficzne im. Marii Znamierowskiej-Prufferowej w Toruniu.\",\"isPartOf\":{\"@id\":\"http:\/\/haft.etnomuzeum.pl\/#website\"},\"datePublished\":\"2021-11-11T14:21:57+00:00\",\"dateModified\":\"2021-11-16T12:28:13+00:00\",\"breadcrumb\":{\"@id\":\"http:\/\/haft.etnomuzeum.pl\/?page_id=1073&lang=en#breadcrumb\"},\"inLanguage\":\"en-US\",\"potentialAction\":[{\"@type\":\"ReadAction\",\"target\":[\"http:\/\/haft.etnomuzeum.pl\/?page_id=1073&lang=en\"]}]},{\"@type\":\"BreadcrumbList\",\"@id\":\"http:\/\/haft.etnomuzeum.pl\/?page_id=1073&lang=en#breadcrumb\",\"itemListElement\":[{\"@type\":\"ListItem\",\"position\":1,\"name\":\"Home\",\"item\":\"http:\/\/haft.etnomuzeum.pl\/\"},{\"@type\":\"ListItem\",\"position\":2,\"name\":\"haftkujawskiE\"}]}]}<\/script>\n<!-- \/ Yoast SEO plugin. -->","yoast_head_json":{"title":"haftkujawskiE - Muzeum Etnograficzne im. Marii Znamierowskiej-Prufferowej w Toruniu.","robots":{"index":"index","follow":"follow","max-snippet":"max-snippet:-1","max-image-preview":"max-image-preview:large","max-video-preview":"max-video-preview:-1"},"canonical":"http:\/\/haft.etnomuzeum.pl\/?page_id=1073&lang=en","og_locale":"en_US","og_type":"article","og_title":"haftkujawskiE - Muzeum Etnograficzne im. Marii Znamierowskiej-Prufferowej w Toruniu.","og_description":"[vc_row type=&#8221;full_width_content&#8221; full_screen_row_position=&#8221;middle&#8221; column_margin=&#8221;default&#8221; column_direction=&#8221;default&#8221; column_direction_tablet=&#8221;default&#8221; column_direction_phone=&#8221;default&#8221; bg_image=&#8221;553&#8243; bg_position=&#8221;left top&#8221; background_image_loading=&#8221;default&#8221; bg_repeat=&#8221;no-repeat&#8221; scene_position=&#8221;center&#8221; top_padding=&#8221;50&#8243; text_color=&#8221;dark&#8221; text_align=&#8221;left&#8221; row_border_radius=&#8221;none&#8221; row_border_radius_applies=&#8221;bg&#8221; overlay_strength=&#8221;0.3&#8243; gradient_direction=&#8221;left_to_right&#8221; shape_divider_position=&#8221;bottom&#8221; bg_image_animation=&#8221;none&#8221; shape_type=&#8221;&#8221;][vc_column column_padding=&#8221;no-extra-padding&#8221; column_padding_tablet=&#8221;inherit&#8221; column_padding_phone=&#8221;inherit&#8221; column_padding_position=&#8221;all&#8221; column_element_spacing=&#8221;default&#8221; background_color_opacity=&#8221;1&#8243; background_hover_color_opacity=&#8221;1&#8243;...","og_url":"http:\/\/haft.etnomuzeum.pl\/?page_id=1073&lang=en","og_site_name":"Muzeum Etnograficzne im. Marii Znamierowskiej-Prufferowej w Toruniu.","article_modified_time":"2021-11-16T12:28:13+00:00","twitter_card":"summary_large_image","twitter_misc":{"Est. reading time":"4 minutes"},"schema":{"@context":"https:\/\/schema.org","@graph":[{"@type":"WebSite","@id":"http:\/\/haft.etnomuzeum.pl\/#website","url":"http:\/\/haft.etnomuzeum.pl\/","name":"Muzeum Etnograficzne im. Marii Znamierowskiej-Prufferowej w Toruniu.","description":"Dziedzictwo Niematerialne\/ Ulotne tradycje","potentialAction":[{"@type":"SearchAction","target":{"@type":"EntryPoint","urlTemplate":"http:\/\/haft.etnomuzeum.pl\/?s={search_term_string}"},"query-input":"required name=search_term_string"}],"inLanguage":"en-US"},{"@type":"WebPage","@id":"http:\/\/haft.etnomuzeum.pl\/?page_id=1073&lang=en#webpage","url":"http:\/\/haft.etnomuzeum.pl\/?page_id=1073&lang=en","name":"haftkujawskiE - Muzeum Etnograficzne im. Marii Znamierowskiej-Prufferowej w Toruniu.","isPartOf":{"@id":"http:\/\/haft.etnomuzeum.pl\/#website"},"datePublished":"2021-11-11T14:21:57+00:00","dateModified":"2021-11-16T12:28:13+00:00","breadcrumb":{"@id":"http:\/\/haft.etnomuzeum.pl\/?page_id=1073&lang=en#breadcrumb"},"inLanguage":"en-US","potentialAction":[{"@type":"ReadAction","target":["http:\/\/haft.etnomuzeum.pl\/?page_id=1073&lang=en"]}]},{"@type":"BreadcrumbList","@id":"http:\/\/haft.etnomuzeum.pl\/?page_id=1073&lang=en#breadcrumb","itemListElement":[{"@type":"ListItem","position":1,"name":"Home","item":"http:\/\/haft.etnomuzeum.pl\/"},{"@type":"ListItem","position":2,"name":"haftkujawskiE"}]}]}},"_links":{"self":[{"href":"http:\/\/haft.etnomuzeum.pl\/index.php?rest_route=\/wp\/v2\/pages\/1073","targetHints":{"allow":["GET"]}}],"collection":[{"href":"http:\/\/haft.etnomuzeum.pl\/index.php?rest_route=\/wp\/v2\/pages"}],"about":[{"href":"http:\/\/haft.etnomuzeum.pl\/index.php?rest_route=\/wp\/v2\/types\/page"}],"author":[{"embeddable":true,"href":"http:\/\/haft.etnomuzeum.pl\/index.php?rest_route=\/wp\/v2\/users\/1"}],"replies":[{"embeddable":true,"href":"http:\/\/haft.etnomuzeum.pl\/index.php?rest_route=%2Fwp%2Fv2%2Fcomments&post=1073"}],"version-history":[{"count":8,"href":"http:\/\/haft.etnomuzeum.pl\/index.php?rest_route=\/wp\/v2\/pages\/1073\/revisions"}],"predecessor-version":[{"id":1333,"href":"http:\/\/haft.etnomuzeum.pl\/index.php?rest_route=\/wp\/v2\/pages\/1073\/revisions\/1333"}],"wp:attachment":[{"href":"http:\/\/haft.etnomuzeum.pl\/index.php?rest_route=%2Fwp%2Fv2%2Fmedia&parent=1073"}],"curies":[{"name":"wp","href":"https:\/\/api.w.org\/{rel}","templated":true}]}}